{"id":25,"date":"2025-04-30T09:46:17","date_gmt":"2025-04-30T09:46:17","guid":{"rendered":"http:\/\/kitsupervivenciaapagonelectrico.es\/?page_id=25"},"modified":"2025-05-01T11:15:59","modified_gmt":"2025-05-01T11:15:59","slug":"productos","status":"publish","type":"page","link":"https:\/\/kitsupervivenciaapagonelectrico.es\/","title":{"rendered":"Productos"},"content":{"rendered":"\t\t<div data-elementor-type=\"wp-page\" data-elementor-id=\"25\" class=\"elementor elementor-25\">\n\t\t\t\t<div class=\"elementor-element elementor-element-14e3cae e-flex e-con-boxed e-con e-parent\" data-id=\"14e3cae\" data-element_type=\"container\">\n\t\t\t\t\t<div class=\"e-con-inner\">\n\t\t\t\t<div class=\"elementor-element elementor-element-456c528 elementor-widget elementor-widget-text-editor\" data-id=\"456c528\" data-element_type=\"widget\" data-widget_type=\"text-editor.default\">\n\t\t\t\t<div class=\"elementor-widget-container\">\n\t\t\t\t\t\t\t\t\t<h3 data-start=\"158\" data-end=\"227\"><strong data-start=\"158\" data-end=\"227\">Prep\u00e1rate para cualquier apag\u00f3n con estos dispositivos esenciales<\/strong><\/h3>\n<p class=\"\" data-start=\"229\" data-end=\"515\">Los cortes de luz pueden ocurrir en cualquier momento y dejarte sin comunicaci\u00f3n, iluminaci\u00f3n ni forma de cargar tus dispositivos. Contar con un kit b\u00e1sico de emergencia para apagones no solo te da tranquilidad, sino que te permite mantenerte conectado y seguro cuando m\u00e1s lo necesitas.<\/p>\n<p class=\"\" data-start=\"517\" data-end=\"860\">En esta gu\u00eda te presentamos productos clave como una radio de onda corta a bater\u00edas, una linterna confiable, un cargador de pilas AA USB y un cargador solar con salida USB. Cada uno de estos art\u00edculos est\u00e1 pensado para ofrecer autonom\u00eda y funcionalidad en situaciones sin suministro el\u00e9ctrico. No esperes al pr\u00f3ximo apag\u00f3n: equ\u00edpate hoy mismo.<\/p>\t\t\t\t\t\t\t\t<\/div>\n\t\t\t\t<\/div>\n\t\t<div class=\"elementor-element elementor-element-1cda4f2 e-con-full e-flex e-con e-child\" data-id=\"1cda4f2\" data-element_type=\"container\">\n\t\t\t\t<div class=\"elementor-element elementor-element-b13980a elementor-widget elementor-widget-text-editor\" data-id=\"b13980a\" data-element_type=\"widget\" data-widget_type=\"text-editor.default\">\n\t\t\t\t<div class=\"elementor-widget-container\">\n\t\t\t\t\t\t\t\t\t<h1>\u26a1\ufe0f\u2b07\ufe0f\u2b07\ufe0f\u2b07\ufe0f\u2b07\ufe0f\u2b07\ufe0f\u2b07\ufe0f\u26a1\ufe0f<\/h1>\t\t\t\t\t\t\t\t<\/div>\n\t\t\t\t<\/div>\n\t\t\t\t<\/div>\n\t\t\t\t\t<\/div>\n\t\t\t\t<\/div>\n\t\t<div class=\"elementor-element elementor-element-3e3e05a e-flex e-con-boxed e-con e-parent\" data-id=\"3e3e05a\" data-element_type=\"container\">\n\t\t\t\t\t<div class=\"e-con-inner\">\n\t\t<div class=\"elementor-element elementor-element-f5720bd e-grid e-con-full e-con e-child\" data-id=\"f5720bd\" data-element_type=\"container\">\n\t\t\t\t<div class=\"elementor-element elementor-element-328c96d elementor-widget elementor-widget-image\" data-id=\"328c96d\" data-element_type=\"widget\" data-widget_type=\"image.default\">\n\t\t\t\t<div class=\"elementor-widget-container\">\n\t\t\t\t\t\t\t\t\t\t\t\t\t\t\t\t<a href=\"https:\/\/amzn.to\/44mq6oV\" target=\"_blank\" rel=\"nofollow\">\n\t\t\t\t\t\t\t<img decoding=\"async\" src=\"https:\/\/m.media-amazon.com\/images\/I\/81njpOh-QVL._AC_UF1000,1000_QL80_.jpg\" title=\"\" alt=\"\" loading=\"lazy\" \/>\t\t\t\t\t\t\t\t<\/a>\n\t\t\t\t\t\t\t\t\t\t\t\t\t\t\t<\/div>\n\t\t\t\t<\/div>\n\t\t<div class=\"elementor-element elementor-element-6fb4b50 e-grid e-con-full e-con e-child\" data-id=\"6fb4b50\" data-element_type=\"container\">\n\t\t\t\t<div class=\"elementor-element elementor-element-f070e95 elementor-widget elementor-widget-text-editor\" data-id=\"f070e95\" data-element_type=\"widget\" data-widget_type=\"text-editor.default\">\n\t\t\t\t<div class=\"elementor-widget-container\">\n\t\t\t\t\t\t\t\t\t<h3><strong data-start=\"155\" data-end=\"189\">Radio de onda corta a bater\u00edas<\/strong><\/h3><p>Mantente informado durante apagones con esta radio port\u00e1til a bater\u00edas. Recibe noticias y alertas en AM\/FM y onda corta sin depender de la red el\u00e9ctrica.<\/p>\t\t\t\t\t\t\t\t<\/div>\n\t\t\t\t<\/div>\n\t\t\t\t<div class=\"elementor-element elementor-element-c100c1d elementor-align-center elementor-widget elementor-widget-button\" data-id=\"c100c1d\" data-element_type=\"widget\" data-widget_type=\"button.default\">\n\t\t\t\t<div class=\"elementor-widget-container\">\n\t\t\t\t\t\t\t\t\t<div class=\"elementor-button-wrapper\">\n\t\t\t\t\t<a class=\"elementor-button elementor-button-link elementor-size-sm\" href=\"https:\/\/amzn.to\/44mq6oV\" target=\"_blank\" rel=\"nofollow\">\n\t\t\t\t\t\t<span class=\"elementor-button-content-wrapper\">\n\t\t\t\t\t\t\t\t\t<span class=\"elementor-button-text\">\u26a1\ufe0f\u00a1Comprar!\u26a1\ufe0f<\/span>\n\t\t\t\t\t<\/span>\n\t\t\t\t\t<\/a>\n\t\t\t\t<\/div>\n\t\t\t\t\t\t\t\t<\/div>\n\t\t\t\t<\/div>\n\t\t\t\t<\/div>\n\t\t\t\t<\/div>\n\t\t\t\t\t<\/div>\n\t\t\t\t<\/div>\n\t\t<div class=\"elementor-element elementor-element-c6eeb5a e-flex e-con-boxed e-con e-parent\" data-id=\"c6eeb5a\" data-element_type=\"container\">\n\t\t\t\t\t<div class=\"e-con-inner\">\n\t\t<div class=\"elementor-element elementor-element-044633a e-grid e-con-full e-con e-child\" data-id=\"044633a\" data-element_type=\"container\">\n\t\t<div class=\"elementor-element elementor-element-8e4bb89 e-grid e-con-full e-con e-child\" data-id=\"8e4bb89\" data-element_type=\"container\">\n\t\t\t\t<div class=\"elementor-element elementor-element-f374f05 elementor-widget elementor-widget-text-editor\" data-id=\"f374f05\" data-element_type=\"widget\" data-widget_type=\"text-editor.default\">\n\t\t\t\t<div class=\"elementor-widget-container\">\n\t\t\t\t\t\t\t\t\t<h3><strong data-start=\"349\" data-end=\"361\">Linterna<\/strong><\/h3><p>Ilumina cualquier emergencia con esta linterna compacta y potente. Ideal para cortes de luz prolongados y f\u00e1cil de guardar en tu kit de emergencia.<\/p>\t\t\t\t\t\t\t\t<\/div>\n\t\t\t\t<\/div>\n\t\t\t\t<div class=\"elementor-element elementor-element-eba8df7 elementor-align-center elementor-widget elementor-widget-button\" data-id=\"eba8df7\" data-element_type=\"widget\" data-widget_type=\"button.default\">\n\t\t\t\t<div class=\"elementor-widget-container\">\n\t\t\t\t\t\t\t\t\t<div class=\"elementor-button-wrapper\">\n\t\t\t\t\t<a class=\"elementor-button elementor-button-link elementor-size-sm\" href=\"https:\/\/amzn.to\/4jR0Hsp\" target=\"_blank\" rel=\"nofollow\">\n\t\t\t\t\t\t<span class=\"elementor-button-content-wrapper\">\n\t\t\t\t\t\t\t\t\t<span class=\"elementor-button-text\">\u26a1\ufe0f\u00a1Comprar!\u26a1\ufe0f<\/span>\n\t\t\t\t\t<\/span>\n\t\t\t\t\t<\/a>\n\t\t\t\t<\/div>\n\t\t\t\t\t\t\t\t<\/div>\n\t\t\t\t<\/div>\n\t\t\t\t<\/div>\n\t\t\t\t<div class=\"elementor-element elementor-element-0afe7fe elementor-widget elementor-widget-image\" data-id=\"0afe7fe\" data-element_type=\"widget\" data-widget_type=\"image.default\">\n\t\t\t\t<div class=\"elementor-widget-container\">\n\t\t\t\t\t\t\t\t\t\t\t\t\t\t\t\t<a href=\"https:\/\/amzn.to\/4jR0Hsp\" target=\"_blank\" rel=\"nofollow\">\n\t\t\t\t\t\t\t<img decoding=\"async\" src=\"https:\/\/m.media-amazon.com\/images\/I\/51ZxfQkzbVL._AC_SL1500_.jpg\" title=\"\" alt=\"\" loading=\"lazy\" \/>\t\t\t\t\t\t\t\t<\/a>\n\t\t\t\t\t\t\t\t\t\t\t\t\t\t\t<\/div>\n\t\t\t\t<\/div>\n\t\t\t\t<\/div>\n\t\t\t\t\t<\/div>\n\t\t\t\t<\/div>\n\t\t<div class=\"elementor-element elementor-element-e31ac96 e-flex e-con-boxed e-con e-parent\" data-id=\"e31ac96\" data-element_type=\"container\">\n\t\t\t\t\t<div class=\"e-con-inner\">\n\t\t<div class=\"elementor-element elementor-element-e0223ba e-grid e-con-full e-con e-child\" data-id=\"e0223ba\" data-element_type=\"container\">\n\t\t\t\t<div class=\"elementor-element elementor-element-d3110da elementor-widget elementor-widget-image\" data-id=\"d3110da\" data-element_type=\"widget\" data-widget_type=\"image.default\">\n\t\t\t\t<div class=\"elementor-widget-container\">\n\t\t\t\t\t\t\t\t\t\t\t\t\t\t\t\t<a href=\"https:\/\/amzn.to\/3YStvbg\" target=\"_blank\" rel=\"nofollow\">\n\t\t\t\t\t\t\t<img decoding=\"async\" src=\"https:\/\/m.media-amazon.com\/images\/I\/710lwSccspL._AC_SL1500_.jpg\" title=\"\" alt=\"\" loading=\"lazy\" \/>\t\t\t\t\t\t\t\t<\/a>\n\t\t\t\t\t\t\t\t\t\t\t\t\t\t\t<\/div>\n\t\t\t\t<\/div>\n\t\t<div class=\"elementor-element elementor-element-aa660b3 e-grid e-con-full e-con e-child\" data-id=\"aa660b3\" data-element_type=\"container\">\n\t\t\t\t<div class=\"elementor-element elementor-element-98f4e1c elementor-widget elementor-widget-text-editor\" data-id=\"98f4e1c\" data-element_type=\"widget\" data-widget_type=\"text-editor.default\">\n\t\t\t\t<div class=\"elementor-widget-container\">\n\t\t\t\t\t\t\t\t\t<h3><strong data-start=\"515\" data-end=\"543\">Cargador de pilas AA USB<\/strong><\/h3><p>Recarga tus pilas AA en cualquier puerto USB, incluso desde una bater\u00eda port\u00e1til. Perfecto para mantener activos dispositivos esenciales sin electricidad.<\/p>\t\t\t\t\t\t\t\t<\/div>\n\t\t\t\t<\/div>\n\t\t\t\t<div class=\"elementor-element elementor-element-9598b74 elementor-align-center elementor-widget elementor-widget-button\" data-id=\"9598b74\" data-element_type=\"widget\" data-widget_type=\"button.default\">\n\t\t\t\t<div class=\"elementor-widget-container\">\n\t\t\t\t\t\t\t\t\t<div class=\"elementor-button-wrapper\">\n\t\t\t\t\t<a class=\"elementor-button elementor-button-link elementor-size-sm\" href=\"https:\/\/amzn.to\/3YStvbg\" target=\"_blank\" rel=\"nofollow\">\n\t\t\t\t\t\t<span class=\"elementor-button-content-wrapper\">\n\t\t\t\t\t\t\t\t\t<span class=\"elementor-button-text\">\u26a1\ufe0f\u00a1Comprar!\u26a1\ufe0f<\/span>\n\t\t\t\t\t<\/span>\n\t\t\t\t\t<\/a>\n\t\t\t\t<\/div>\n\t\t\t\t\t\t\t\t<\/div>\n\t\t\t\t<\/div>\n\t\t\t\t<\/div>\n\t\t\t\t<\/div>\n\t\t\t\t\t<\/div>\n\t\t\t\t<\/div>\n\t\t<div class=\"elementor-element elementor-element-e0afd61 e-flex e-con-boxed e-con e-parent\" data-id=\"e0afd61\" data-element_type=\"container\">\n\t\t\t\t\t<div class=\"e-con-inner\">\n\t\t<div class=\"elementor-element elementor-element-baf87bc e-grid e-con-full e-con e-child\" data-id=\"baf87bc\" data-element_type=\"container\">\n\t\t<div class=\"elementor-element elementor-element-7eaa104 e-grid e-con-full e-con e-child\" data-id=\"7eaa104\" data-element_type=\"container\">\n\t\t\t\t<div class=\"elementor-element elementor-element-304f3de elementor-widget elementor-widget-text-editor\" data-id=\"304f3de\" data-element_type=\"widget\" data-widget_type=\"text-editor.default\">\n\t\t\t\t<div class=\"elementor-widget-container\">\n\t\t\t\t\t\t\t\t\t<h3><strong data-start=\"704\" data-end=\"730\">Cargador solar con USB<\/strong><\/h3><p>Genera energ\u00eda en exteriores con este cargador solar port\u00e1til con salida USB. Mant\u00e9n tus celulares y equipos cargados durante apagones o emergencias.<\/p>\t\t\t\t\t\t\t\t<\/div>\n\t\t\t\t<\/div>\n\t\t\t\t<div class=\"elementor-element elementor-element-72e4be7 elementor-align-center elementor-widget elementor-widget-button\" data-id=\"72e4be7\" data-element_type=\"widget\" data-widget_type=\"button.default\">\n\t\t\t\t<div class=\"elementor-widget-container\">\n\t\t\t\t\t\t\t\t\t<div class=\"elementor-button-wrapper\">\n\t\t\t\t\t<a class=\"elementor-button elementor-button-link elementor-size-sm\" href=\"https:\/\/amzn.to\/42UHY7U\" target=\"_blank\" rel=\"nofollow\">\n\t\t\t\t\t\t<span class=\"elementor-button-content-wrapper\">\n\t\t\t\t\t\t\t\t\t<span class=\"elementor-button-text\">\u26a1\ufe0f\u00a1Comprar!\u26a1\ufe0f<\/span>\n\t\t\t\t\t<\/span>\n\t\t\t\t\t<\/a>\n\t\t\t\t<\/div>\n\t\t\t\t\t\t\t\t<\/div>\n\t\t\t\t<\/div>\n\t\t\t\t<\/div>\n\t\t\t\t<div class=\"elementor-element elementor-element-9f8543b elementor-widget elementor-widget-image\" data-id=\"9f8543b\" data-element_type=\"widget\" data-widget_type=\"image.default\">\n\t\t\t\t<div class=\"elementor-widget-container\">\n\t\t\t\t\t\t\t\t\t\t\t\t\t\t\t\t<a href=\"https:\/\/amzn.to\/42UHY7U\" target=\"_blank\" rel=\"nofollow\">\n\t\t\t\t\t\t\t<img decoding=\"async\" src=\"https:\/\/m.media-amazon.com\/images\/I\/718FFYBB1xL._AC_SL1500_.jpg\" title=\"\" alt=\"\" loading=\"lazy\" \/>\t\t\t\t\t\t\t\t<\/a>\n\t\t\t\t\t\t\t\t\t\t\t\t\t\t\t<\/div>\n\t\t\t\t<\/div>\n\t\t\t\t<\/div>\n\t\t\t\t\t<\/div>\n\t\t\t\t<\/div>\n\t\t\t\t<\/div>\n\t\t","protected":false},"excerpt":{"rendered":"<p>Prep\u00e1rate para cualquier apag\u00f3n con estos dispositivos esenciales Los cortes de luz pueden ocurrir en cualquier momento y dejarte sin comunicaci\u00f3n, iluminaci\u00f3n ni forma de cargar tus dispositivos. Contar con un kit b\u00e1sico de emergencia para apagones no solo te da tranquilidad, sino que te permite mantenerte conectado y seguro cuando m\u00e1s lo necesitas. En&hellip;&nbsp;<a href=\"https:\/\/kitsupervivenciaapagonelectrico.es\/\" rel=\"bookmark\"><span class=\"screen-reader-text\">Productos<\/span><\/a><\/p>\n","protected":false},"author":1,"featured_media":0,"parent":0,"menu_order":0,"comment_status":"closed","ping_status":"closed","template":"page-templates\/template-pagebuilder-full-width.php","meta":{"neve_meta_sidebar":"","neve_meta_container":"","neve_meta_enable_content_width":"","neve_meta_content_width":0,"neve_meta_title_alignment":"","neve_meta_author_avatar":"","neve_post_elements_order":"","neve_meta_disable_header":"","neve_meta_disable_footer":"","neve_meta_disable_title":"","footnotes":""},"class_list":["post-25","page","type-page","status-publish","hentry"],"_links":{"self":[{"href":"https:\/\/kitsupervivenciaapagonelectrico.es\/index.php?rest_route=\/wp\/v2\/pages\/25","targetHints":{"allow":["GET"]}}],"collection":[{"href":"https:\/\/kitsupervivenciaapagonelectrico.es\/index.php?rest_route=\/wp\/v2\/pages"}],"about":[{"href":"https:\/\/kitsupervivenciaapagonelectrico.es\/index.php?rest_route=\/wp\/v2\/types\/page"}],"author":[{"embeddable":true,"href":"https:\/\/kitsupervivenciaapagonelectrico.es\/index.php?rest_route=\/wp\/v2\/users\/1"}],"replies":[{"embeddable":true,"href":"https:\/\/kitsupervivenciaapagonelectrico.es\/index.php?rest_route=%2Fwp%2Fv2%2Fcomments&post=25"}],"version-history":[{"count":139,"href":"https:\/\/kitsupervivenciaapagonelectrico.es\/index.php?rest_route=\/wp\/v2\/pages\/25\/revisions"}],"predecessor-version":[{"id":177,"href":"https:\/\/kitsupervivenciaapagonelectrico.es\/index.php?rest_route=\/wp\/v2\/pages\/25\/revisions\/177"}],"wp:attachment":[{"href":"https:\/\/kitsupervivenciaapagonelectrico.es\/index.php?rest_route=%2Fwp%2Fv2%2Fmedia&parent=25"}],"curies":[{"name":"wp","href":"https:\/\/api.w.org\/{rel}","templated":true}]}}